{"id":2,"date":"2025-05-23T16:37:13","date_gmt":"2025-05-23T14:37:13","guid":{"rendered":"http:\/\/plymind.pl\/?page_id=2"},"modified":"2026-04-27T16:05:32","modified_gmt":"2026-04-27T14:05:32","slug":"przykladowa-strona","status":"publish","type":"page","link":"https:\/\/plymind.pl\/","title":{"rendered":"PLYMIND \u2013 3D Scanning &amp; Camper Furniture Design"},"content":{"rendered":"\n<main class=\"wp-block-group is-layout-flow wp-container-core-group-is-layout-bb62f62d wp-block-group-is-layout-flow\" style=\"margin-top:0\">\n<header class=\"wp-block-group alignfull has-global-padding is-layout-constrained wp-container-core-group-is-layout-72190d31 wp-block-group-is-layout-constrained\" style=\"margin-top:0;margin-bottom:0;padding-top:0;padding-right:0;padding-bottom:0;padding-left:0\">\n<div class=\"wp-block-group alignwide has-global-padding is-layout-constrained wp-container-core-group-is-layout-19e250f3 wp-block-group-is-layout-constrained\">\n<div class=\"wp-block-group is-nowrap is-layout-flex wp-container-core-group-is-layout-6c531013 wp-block-group-is-layout-flex\">\n<div class=\"wp-block-group has-global-padding is-layout-constrained wp-container-core-group-is-layout-c19476fc wp-block-group-is-layout-constrained\">\n<p class=\"has-text-align-center\"><strong>We design furniture and custom interiors for campers, vans, and pretty much anything you can travel and live in<\/strong>.<\/p>\n\n\n\n<figure class=\"wp-block-image aligncenter size-large\"><img loading=\"lazy\" decoding=\"async\" width=\"1137\" height=\"853\" src=\"https:\/\/plymind.pl\/wp-content\/uploads\/2026\/04\/559732801_799918339454225_1365603590811936528_n-edited.jpg\" alt=\"\" class=\"wp-image-99\" srcset=\"https:\/\/plymind.pl\/wp-content\/uploads\/2026\/04\/559732801_799918339454225_1365603590811936528_n-edited.jpg 1137w, https:\/\/plymind.pl\/wp-content\/uploads\/2026\/04\/559732801_799918339454225_1365603590811936528_n-edited-300x225.jpg 300w, https:\/\/plymind.pl\/wp-content\/uploads\/2026\/04\/559732801_799918339454225_1365603590811936528_n-edited-1024x768.jpg 1024w, https:\/\/plymind.pl\/wp-content\/uploads\/2026\/04\/559732801_799918339454225_1365603590811936528_n-edited-768x576.jpg 768w\" sizes=\"auto, (max-width: 1137px) 100vw, 1137px\" \/><\/figure>\n\n\n\n<p class=\"has-text-align-center\"><strong>We love combining function with form and turning ideas into smart solutions that just work.<\/strong><\/p>\n\n\n\n<div class=\"wp-block-cover is-light\"><video class=\"wp-block-cover__video-background intrinsic-ignore\" autoplay muted loop playsinline src=\"https:\/\/plymind.pl\/wp-content\/uploads\/2025\/05\/SKAN-MEBLE-.mp4\" data-object-fit=\"cover\"><\/video><span aria-hidden=\"true\" class=\"wp-block-cover__background has-background-dim-0 has-background-dim\"><\/span><div class=\"wp-block-cover__inner-container is-layout-flow wp-block-cover-is-layout-flow\">\n<p class=\"has-text-align-center has-large-font-size\"><\/p>\n<\/div><\/div>\n\n\n\n<p class=\"has-text-align-center\"><strong>With over 10 years of experience, we create designs ready for both mass production and one-off builds.<\/strong><\/p>\n\n\n\n<figure class=\"wp-block-image size-large\"><img loading=\"lazy\" decoding=\"async\" width=\"1440\" height=\"1440\" src=\"https:\/\/plymind.pl\/wp-content\/uploads\/2026\/04\/480223865_552287514493338_4522596762613916364_n-edited.jpg\" alt=\"\" class=\"wp-image-98\" srcset=\"https:\/\/plymind.pl\/wp-content\/uploads\/2026\/04\/480223865_552287514493338_4522596762613916364_n-edited.jpg 1440w, https:\/\/plymind.pl\/wp-content\/uploads\/2026\/04\/480223865_552287514493338_4522596762613916364_n-edited-300x300.jpg 300w, https:\/\/plymind.pl\/wp-content\/uploads\/2026\/04\/480223865_552287514493338_4522596762613916364_n-edited-1024x1024.jpg 1024w, https:\/\/plymind.pl\/wp-content\/uploads\/2026\/04\/480223865_552287514493338_4522596762613916364_n-edited-150x150.jpg 150w, https:\/\/plymind.pl\/wp-content\/uploads\/2026\/04\/480223865_552287514493338_4522596762613916364_n-edited-768x768.jpg 768w\" sizes=\"auto, (max-width: 1440px) 100vw, 1440px\" \/><\/figure>\n\n\n\n<p class=\"has-text-align-center\"><strong> We work with CNC machines, CO\u2082 lasers, and other modern tech that helps everything fit down to the last millimeter.<\/strong><\/p>\n<\/div>\n<\/div>\n\n\n\n<figure class=\"wp-block-image size-large\"><img loading=\"lazy\" decoding=\"async\" width=\"1024\" height=\"1024\" src=\"https:\/\/plymind.pl\/wp-content\/uploads\/2025\/05\/479486722_550306888024734_3303840348124467785_n-1024x1024.jpg\" alt=\"\" class=\"wp-image-79\" srcset=\"https:\/\/plymind.pl\/wp-content\/uploads\/2025\/05\/479486722_550306888024734_3303840348124467785_n-1024x1024.jpg 1024w, https:\/\/plymind.pl\/wp-content\/uploads\/2025\/05\/479486722_550306888024734_3303840348124467785_n-300x300.jpg 300w, https:\/\/plymind.pl\/wp-content\/uploads\/2025\/05\/479486722_550306888024734_3303840348124467785_n-150x150.jpg 150w, https:\/\/plymind.pl\/wp-content\/uploads\/2025\/05\/479486722_550306888024734_3303840348124467785_n-768x768.jpg 768w, https:\/\/plymind.pl\/wp-content\/uploads\/2025\/05\/479486722_550306888024734_3303840348124467785_n.jpg 1440w\" sizes=\"auto, (max-width: 1024px) 100vw, 1024px\" \/><\/figure>\n<\/div>\n<\/header>\n\n\n\n<p><\/p>\n\n\n\n<div class=\"wp-block-group alignfull has-base-color has-contrast-background-color has-text-color has-background has-global-padding is-layout-constrained wp-container-core-group-is-layout-ef3d885c wp-block-group-is-layout-constrained\" style=\"margin-top:0;margin-bottom:0;padding-top:var(--wp--preset--spacing--60);padding-right:var(--wp--preset--spacing--60);padding-bottom:var(--wp--preset--spacing--60);padding-left:var(--wp--preset--spacing--60)\">\n<div class=\"wp-block-group has-global-padding is-layout-constrained wp-block-group-is-layout-constrained\">\n<p class=\"has-text-align-center has-base-color has-text-color has-heading-font-family has-x-large-font-size\" style=\"line-height:1.2\"><em>We design smart, functional solutions with precision and modern tech.<\/em><\/p>\n<\/div>\n<\/div>\n\n\n\n<div class=\"wp-block-group alignfull has-global-padding is-layout-constrained wp-container-core-group-is-layout-d89aad35 wp-block-group-is-layout-constrained\" style=\"margin-top:0;margin-bottom:0;padding-top:var(--wp--preset--spacing--50);padding-right:var(--wp--preset--spacing--50);padding-bottom:var(--wp--preset--spacing--50);padding-left:var(--wp--preset--spacing--50)\">\n<pre class=\"wp-block-verse has-text-align-center\"><strong>PLYMIND Pawe\u0142 Sadowski<br>ul. Powstania \u015al\u0105skiego 7a <br>81-462 Gdynia<\/strong><br><strong>+48 607 606 701<br>p.sadowski@plymind.pl<br>Poland <br>NIP: 5862162476<\/strong><\/pre>\n\n\n\n<div class=\"wp-block-group alignwide has-global-padding is-layout-constrained wp-block-group-is-layout-constrained\">\n<div class=\"wp-block-query alignwide is-layout-flow wp-block-query-is-layout-flow\"><\/div>\n<\/div>\n<\/div>\n<\/main>\n","protected":false},"excerpt":{"rendered":"<p>We design furniture and custom interiors for campers, vans, and pretty much anything you can travel and live in. We love combining function with form and turning ideas into smart solutions that just work. With over 10 years of experience, we create designs ready for both mass production and one-off builds. We work with CNC [&hellip;]<\/p>\n","protected":false},"author":1,"featured_media":0,"parent":0,"menu_order":0,"comment_status":"closed","ping_status":"open","template":"","meta":{"footnotes":""},"class_list":["post-2","page","type-page","status-publish","hentry"],"_links":{"self":[{"href":"https:\/\/plymind.pl\/index.php?rest_route=\/wp\/v2\/pages\/2","targetHints":{"allow":["GET"]}}],"collection":[{"href":"https:\/\/plymind.pl\/index.php?rest_route=\/wp\/v2\/pages"}],"about":[{"href":"https:\/\/plymind.pl\/index.php?rest_route=\/wp\/v2\/types\/page"}],"author":[{"embeddable":true,"href":"https:\/\/plymind.pl\/index.php?rest_route=\/wp\/v2\/users\/1"}],"replies":[{"embeddable":true,"href":"https:\/\/plymind.pl\/index.php?rest_route=%2Fwp%2Fv2%2Fcomments&post=2"}],"version-history":[{"count":5,"href":"https:\/\/plymind.pl\/index.php?rest_route=\/wp\/v2\/pages\/2\/revisions"}],"predecessor-version":[{"id":112,"href":"https:\/\/plymind.pl\/index.php?rest_route=\/wp\/v2\/pages\/2\/revisions\/112"}],"wp:attachment":[{"href":"https:\/\/plymind.pl\/index.php?rest_route=%2Fwp%2Fv2%2Fmedia&parent=2"}],"curies":[{"name":"wp","href":"https:\/\/api.w.org\/{rel}","templated":true}]}}